{"id":643,"date":"2025-06-04T11:08:03","date_gmt":"2025-06-04T08:08:03","guid":{"rendered":"http:\/\/localhost\/minhanmadencilik\/?page_id=643"},"modified":"2025-08-06T19:49:30","modified_gmt":"2025-08-06T16:49:30","slug":"hakkimizda","status":"publish","type":"page","link":"https:\/\/minhanstoneworks.com\/en\/hakkimizda\/","title":{"rendered":"INSTITUTIONAL"},"content":{"rendered":"<div class=\"wpb-content-wrapper\"><div  class=\"vc_row vc-row-wrapper\" data-parallax_sense=\"30\"><div class=\"wpb_row row\" >\n\t<div class=\"twelve columns vc-column-extra-class-69e614681ee67\" data-parallax_sense=\"30\">\n\t\t<div class=\"wpb_wrapper\">\n\t\t\t<div class=\"dfd-team-member layout-03  cr-animate-gen dfd-img-lazy-load\" data-animate-type = \"transition.slideUpIn\" ><div class=\"image-wrap\"><img loading=\"lazy\" decoding=\"async\" src=\"data:image\/svg+xml;charset=utf-8,%3Csvg xmlns%3D'http%3A%2F%2Fwww.w3.org%2F2000%2Fsvg' viewBox%3D'0 0 500 500'%2F%3E\" data-src=\"https:\/\/minhanstoneworks.com\/wp-content\/uploads\/2025\/08\/Minhan-StoneWorks-1024x768-500x500.jpg\" alt=\"Image\"  width=\"500\" height=\"500\" class=\"team-member-photo\"  \/><\/div><div class=\"content-wrap\"><div class=\"title-wrap\"><div class=\"wrap-delimiter\"><div class=\"delimiter\" ><\/div><\/div><\/div><div class=\"team-member-description\" style=\"\">Minhan Stoneworks extracts premium onyx and marble from its own quarries in Turkey\u2019s richest reserves, transforming raw blocks into refined surfaces for architects, designers and artists worldwide.<br \/>\nOur onyx has built its reputation over the past years through consistent block exports to markets like India and Russia, while also meeting the needs of local buyers. Today, we proudly offer these exquisite stones fully processed to elevate sophisticated interior spaces with signature Minhan craftsmanship.<br \/>\nOur newly licensed Rouge Suede quarry expands our marble range with its deep red base and elegant white veining, promising bold yet timeless design statements. Currently in its development phase, Rouge Suede is set to inspire creative minds looking for something truly distinctive.<br \/>\nOwning and operating our own quarries ensures sustainability, traceability and exceptional quality for every project.<\/div><\/div><\/div>\n\t\t<\/div> \n\t<\/div> <\/div><div class=\"dfd-row-bg-overlay\" style=\"opacity: 0.8;\"><\/div><\/div><div  class=\"vc_row vc-row-wrapper\" data-parallax_sense=\"30\"><div class=\"wpb_row row\" >\n\t<div class=\"twelve columns vc-column-extra-class-69e614681fd3d\" data-parallax_sense=\"30\">\n\t\t<div class=\"wpb_wrapper\">\n\t\t\t<div id=\"idinfobox69e614681fe20\" class=\"dfd-info-box clearfix style-01 layout-06  idinfobox69e614681fe20 cr-animate-gen\" data-animate-item=\".dfd-animate-container\" data-animate-type = \"transition.fadeIn\" ><div class=\"dfd-animate-container\"><div class=\"content-wrap ovh\"><div class=\"info-box-subtitle subtitle\" style=\"\">Our Vision<\/div><div class=\"wrap-delimiter\"><div class=\"delimiter\" ><\/div><\/div><\/div><div class=\"clear ovh\"><div class=\"description\" style=\"\">Our vision is to become a global source of inspiration in natural stone artistry; not merely producing stone, but creating emotions, stories and a living legacy. By unveiling the hidden narratives within each layer, we transform spaces into sanctuaries of self-expression and timeless taste. At Minhan Stoneworks, we shape nature\u2019s quiet power into enduring art through the human touch, redefining luxury as something felt, not flaunted  and setting new standards for the future of inspired living.<\/div><\/div><\/div><\/div>\n\t\t<\/div> \n\t<\/div> <\/div><div class=\"dfd-row-bg-overlay\" style=\"opacity: 0.8;\"><\/div><\/div><div  class=\"vc_row vc-row-wrapper\" data-parallax_sense=\"30\"><div class=\"wpb_row row\" >\n\t<div class=\"twelve columns vc-column-extra-class-69e61468201e9\" data-parallax_sense=\"30\">\n\t\t<div class=\"wpb_wrapper\">\n\t\t\t<div class=\"dfd-spacer-module\"  data-units=\"px\" data-wide_resolution=\"1280\" data-wide_size=\"10\" data-normal_resolution=\"1024\" data-normal_size=\"\" data-tablet_resolution=\"800\" data-tablet_size=\"\" data-mobile_resolution=\"480\" data-mobile_size=\"\" style=\"height: 10px;\"><\/div><div class=\"dfd-spacer-module\"  data-units=\"px\" data-wide_resolution=\"1280\" data-wide_size=\"10\" data-normal_resolution=\"1024\" data-normal_size=\"\" data-tablet_resolution=\"800\" data-tablet_size=\"\" data-mobile_resolution=\"480\" data-mobile_size=\"\" style=\"height: 10px;\"><\/div>\n\t\t<\/div> \n\t<\/div> <\/div><div class=\"dfd-row-bg-overlay\" style=\"opacity: 0.8;\"><\/div><\/div><div  class=\"vc_row vc-row-wrapper\" data-parallax_sense=\"30\"><div class=\"wpb_row row\" >\n\t<div class=\"twelve columns vc-column-extra-class-69e614682060b\" data-parallax_sense=\"30\">\n\t\t<div class=\"wpb_wrapper\">\n\t\t\t<div id=\"idinfobox69e61468206bf\" class=\"dfd-info-box clearfix style-01 layout-06  idinfobox69e61468206bf cr-animate-gen\" data-animate-item=\".dfd-animate-container\" data-animate-type = \"transition.fadeIn\" ><div class=\"dfd-animate-container\"><div class=\"content-wrap ovh\"><div class=\"info-box-subtitle subtitle\" style=\"\">Our Mission<\/div><div class=\"wrap-delimiter\"><div class=\"delimiter\" ><\/div><\/div><\/div><div class=\"clear ovh\"><div class=\"description\" style=\"\">At Minhan Stoneworks, our mission is to transform nature\u2019s ancient treasures into timeless works of art through masterful craftsmanship and contemporary design. From our quarries, each marble and onyx block is shaped with the Minhan signature; a promise of enduring serenity, tactile richness, and quiet elegance. We do not simply offer stone; we breathe life into spaces, letting nature\u2019s whispers and human touch merge into masterpieces that speak softly yet remain for generations.<\/div><\/div><\/div><\/div>\n\t\t<\/div> \n\t<\/div> <\/div><div class=\"dfd-row-bg-overlay\" style=\"opacity: 0.8;\"><\/div><\/div><div  class=\"vc_row vc-row-wrapper\" data-parallax_sense=\"30\"><div class=\"wpb_row row\" >\n\t<div class=\"twelve columns vc-column-extra-class-69e6146820a7c\" data-parallax_sense=\"30\">\n\t\t<div class=\"wpb_wrapper\">\n\t\t\t<div class=\"dfd-spacer-module\"  data-units=\"px\" data-wide_resolution=\"1280\" data-wide_size=\"10\" data-normal_resolution=\"1024\" data-normal_size=\"\" data-tablet_resolution=\"800\" data-tablet_size=\"\" data-mobile_resolution=\"480\" data-mobile_size=\"\" style=\"height: 10px;\"><\/div><div class=\"dfd-spacer-module\"  data-units=\"px\" data-wide_resolution=\"1280\" data-wide_size=\"10\" data-normal_resolution=\"1024\" data-normal_size=\"\" data-tablet_resolution=\"800\" data-tablet_size=\"\" data-mobile_resolution=\"480\" data-mobile_size=\"\" style=\"height: 10px;\"><\/div>\n\t\t<\/div> \n\t<\/div> <\/div><div class=\"dfd-row-bg-overlay\" style=\"opacity: 0.8;\"><\/div><\/div><div  class=\"vc_row vc-row-wrapper\" data-parallax_sense=\"30\"><div class=\"wpb_row row\" >\n\t<div class=\"twelve columns vc-column-extra-class-69e6146820ea5\" data-parallax_sense=\"30\">\n\t\t<div class=\"wpb_wrapper\">\n\t\t\t<div id=\"idinfobox69e6146820f5d\" class=\"dfd-info-box clearfix style-01 layout-06  idinfobox69e6146820f5d cr-animate-gen\" data-animate-item=\".dfd-animate-container\" data-animate-type = \"transition.fadeIn\" ><div class=\"dfd-animate-container\"><div class=\"content-wrap ovh\"><div class=\"info-box-subtitle subtitle\" style=\"\">Our Philosophy<\/div><div class=\"wrap-delimiter\"><div class=\"delimiter\" ><\/div><\/div><\/div><div class=\"clear ovh\"><div class=\"description\" style=\"\">We are the proud stewards of the legacy of the Minhan family's craftsmanship, continuing to build upon their expertise in stoneworking.<br \/>\n\"Heritage with a Modern Twist: Minhan Stoneworks Carves its Own Legacy\"<\/div><\/div><\/div><\/div>\n\t\t<\/div> \n\t<\/div> <\/div><div class=\"dfd-row-bg-overlay\" style=\"opacity: 0.8;\"><\/div><\/div>\n<\/div>","protected":false},"excerpt":{"rendered":"Minhan Stoneworks, T\u00fcrkiye'nin en zengin rezervlerinde bulunan kendi ocaklar\u0131ndan birinci s\u0131n\u0131f oniks ve mermer \u00e7\u0131kararak, ham bloklar\u0131 d\u00fcnya \u00e7ap\u0131ndaki mimarlar, tasar\u0131mc\u0131lar ve sanat\u00e7\u0131lar i\u00e7in rafine y\u00fczeylere d\u00f6n\u00fc\u015ft\u00fcrmektedir. Oniksimiz, Hindistan ve","protected":false},"author":1,"featured_media":0,"parent":0,"menu_order":0,"comment_status":"closed","ping_status":"closed","template":"","meta":{"footnotes":""},"class_list":["post-643","page","type-page","status-publish","hentry"],"_links":{"self":[{"href":"https:\/\/minhanstoneworks.com\/en\/wp-json\/wp\/v2\/pages\/643","targetHints":{"allow":["GET"]}}],"collection":[{"href":"https:\/\/minhanstoneworks.com\/en\/wp-json\/wp\/v2\/pages"}],"about":[{"href":"https:\/\/minhanstoneworks.com\/en\/wp-json\/wp\/v2\/types\/page"}],"author":[{"embeddable":true,"href":"https:\/\/minhanstoneworks.com\/en\/wp-json\/wp\/v2\/users\/1"}],"replies":[{"embeddable":true,"href":"https:\/\/minhanstoneworks.com\/en\/wp-json\/wp\/v2\/comments?post=643"}],"version-history":[{"count":0,"href":"https:\/\/minhanstoneworks.com\/en\/wp-json\/wp\/v2\/pages\/643\/revisions"}],"wp:attachment":[{"href":"https:\/\/minhanstoneworks.com\/en\/wp-json\/wp\/v2\/media?parent=643"}],"curies":[{"name":"wp","href":"https:\/\/api.w.org\/{rel}","templated":true}]}}