{"id":672,"date":"2025-06-04T20:32:22","date_gmt":"2025-06-04T17:32:22","guid":{"rendered":"http:\/\/localhost\/minhanmadencilik3\/?page_id=672"},"modified":"2025-08-06T19:04:13","modified_gmt":"2025-08-06T16:04:13","slug":"duyurular","status":"publish","type":"page","link":"https:\/\/minhanstoneworks.com\/en\/duyurular\/","title":{"rendered":"M\u0130NHAN NEWS"},"content":{"rendered":"<div class=\"wpb-content-wrapper\"><div  class=\"vc_row vc-row-wrapper\" data-parallax_sense=\"30\"><div class=\"wpb_row row\" >\n\t<div class=\"twelve columns vc-column-extra-class-69eddc062b80d\" data-parallax_sense=\"30\">\n\t\t<div class=\"wpb_wrapper\">\n\t\t\t<div id=\"dfd-announce-69eddc062b883-4514\" class=\"dfd-announce-module-wrap align-left no_full_bg_class  cr-animate-gen  style-3 layout-1\" data-animate-type=\"transition.slideUpBigIn\" ><div class=\"dfd-announce-module\"><div class=\"module-icon\" ><i class = \"dfd-icon-navigation\"><\/i><\/div><div class=\"module-text\" style=\"\"><strong>23-26 Eyl\u00fcl 2025 tarihleri aras\u0131nda \u0130talya Marmomac Fuar\u0131nday\u0131z.<\/strong><\/p>\n<p>23-26 Eyl\u00fcl 2025 tarihleri aras\u0131nda \u0130talya Marmomac Fuar\u0131nday\u0131z.<br \/>\nHall 10.<br \/>\nStand\u0131m\u0131za\u00a0bekliyoruz.<\/div><\/div><\/div>\n\t\t<\/div> \n\t<\/div> <\/div><div class=\"dfd-row-bg-overlay\" style=\"opacity: 0.8;\"><\/div><\/div>\n<\/div>","protected":false},"excerpt":{"rendered":"23-26 Eyl\u00fcl 2025 tarihleri aras\u0131nda \u0130talya Marmomac Fuar\u0131nday\u0131z. 23-26 Eyl\u00fcl 2025 tarihleri aras\u0131nda \u0130talya Marmomac Fuar\u0131nday\u0131z. Hall 10. Stand\u0131m\u0131za\u00a0bekliyoruz.","protected":false},"author":1,"featured_media":0,"parent":0,"menu_order":0,"comment_status":"closed","ping_status":"closed","template":"","meta":{"footnotes":""},"class_list":["post-672","page","type-page","status-publish","hentry"],"_links":{"self":[{"href":"https:\/\/minhanstoneworks.com\/en\/wp-json\/wp\/v2\/pages\/672","targetHints":{"allow":["GET"]}}],"collection":[{"href":"https:\/\/minhanstoneworks.com\/en\/wp-json\/wp\/v2\/pages"}],"about":[{"href":"https:\/\/minhanstoneworks.com\/en\/wp-json\/wp\/v2\/types\/page"}],"author":[{"embeddable":true,"href":"https:\/\/minhanstoneworks.com\/en\/wp-json\/wp\/v2\/users\/1"}],"replies":[{"embeddable":true,"href":"https:\/\/minhanstoneworks.com\/en\/wp-json\/wp\/v2\/comments?post=672"}],"version-history":[{"count":0,"href":"https:\/\/minhanstoneworks.com\/en\/wp-json\/wp\/v2\/pages\/672\/revisions"}],"wp:attachment":[{"href":"https:\/\/minhanstoneworks.com\/en\/wp-json\/wp\/v2\/media?parent=672"}],"curies":[{"name":"wp","href":"https:\/\/api.w.org\/{rel}","templated":true}]}}