{"id":766,"date":"2025-07-18T22:15:15","date_gmt":"2025-07-18T19:15:15","guid":{"rendered":"https:\/\/tknsoft.online\/?page_id=766"},"modified":"2025-08-06T19:46:41","modified_gmt":"2025-08-06T16:46:41","slug":"siparis","status":"publish","type":"page","link":"https:\/\/minhanstoneworks.com\/en\/siparis\/","title":{"rendered":"ORDERING"},"content":{"rendered":"<div class=\"wpb-content-wrapper\"><div  class=\"vc_row vc-row-wrapper\" data-parallax_sense=\"30\"><div class=\"wpb_row row\" >\n\t<div class=\"twelve columns vc-column-extra-class-69e614973f216\" data-parallax_sense=\"30\">\n\t\t<div class=\"wpb_wrapper\">\n\t\t\t<div id=\"idinfobox69e614973f30d\" class=\"dfd-info-box clearfix style-03 layout-01  idinfobox69e614973f30d cr-animate-gen text-center\" data-animate-item=\".dfd-animate-container\" data-animate-type = \"transition.expandIn\" ><div class=\"dfd-animate-container\"><div class=\"info-box-title feature-title\" style=\"\">ORDERING AND PRICING<\/div><div class=\"info-box-subtitle subtitle\" style=\"\">Raw Grandeur, Infinite Possibilities<\/div><div class=\"wrap-delimiter\"><div class=\"delimiter\" ><\/div><\/div><div class=\"description\" style=\"\">Whether you seek the primal force of an uncut block, the refined elegance of a precision slab, or a bespoke form crafted for your vision; our process is transparent, flexible, and personal.<\/div><\/div><\/div>\n\t\t<\/div> \n\t<\/div> <\/div><div class=\"dfd-row-bg-overlay\" style=\"opacity: 0.8;\"><\/div><\/div><div  class=\"vc_row vc-row-wrapper\" data-parallax_sense=\"30\"><div class=\"wpb_row row\" >\n\t<div class=\"twelve columns vc-column-extra-class-69e614973f872\" data-parallax_sense=\"30\">\n\t\t<div class=\"wpb_wrapper\">\n\t\t\t\n<div class=\"vc-zigzag-wrapper vc-zigzag-align-center\"><div class=\"vc-zigzag-inner\" style=\"width: 100%;min-height: 14px;background: 0 repeat-x url(&#039;data:image\/svg+xml;utf-8,%3C%3Fxml%20version%3D%221.0%22%20encoding%3D%22utf-8%22%3F%3E%3C%21DOCTYPE%20svg%20PUBLIC%20%22-%2F%2FW3C%2F%2FDTD%20SVG%201.1%2F%2FEN%22%20%22http%3A%2F%2Fwww.w3.org%2FGraphics%2FSVG%2F1.1%2FDTD%2Fsvg11.dtd%22%3E%3Csvg%20width%3D%2214px%22%20height%3D%2212px%22%20viewBox%3D%220%200%2018%2015%22%20version%3D%221.1%22%20xmlns%3D%22http%3A%2F%2Fwww.w3.org%2F2000%2Fsvg%22%20xmlns%3Axlink%3D%22http%3A%2F%2Fwww.w3.org%2F1999%2Fxlink%22%3E%3Cpolygon%20id%3D%22Combined-Shape%22%20fill%3D%22%23ebebeb%22%20points%3D%228.98762301%200%200%209.12771969%200%2014.519983%209%205.40479869%2018%2014.519983%2018%209.12771969%22%3E%3C%2Fpolygon%3E%3C%2Fsvg%3E&#039;);\"><\/div><\/div>\n\t\t<\/div> \n\t<\/div> <\/div><div class=\"dfd-row-bg-overlay\" style=\"opacity: 0.8;\"><\/div><\/div><div  class=\"vc_row vc-row-wrapper\" data-parallax_sense=\"30\"><div class=\"wpb_row row\" >\n\t<div class=\"twelve columns vc-column-extra-class-69e6149740329\" data-parallax_sense=\"30\">\n\t\t<div class=\"wpb_wrapper\">\n\t\t\t<div class=\"dfd-info-banner style-05  text-center\" ><div class=\"image-cover dfd-img-lazy-load\"><img loading=\"lazy\" decoding=\"async\" src=\"data:image\/svg+xml;charset=utf-8,%3Csvg xmlns%3D'http%3A%2F%2Fwww.w3.org%2F2000%2Fsvg' viewBox%3D'0 0 250 200'%2F%3E\" data-src=\"https:\/\/minhanstoneworks.com\/wp-content\/uploads\/2025\/08\/Ham-Bloklar_result-250x200.jpg\" alt=\"Image\"  width=\"250\" height=\"200\" class=\"info-banner-image\" \/><\/div><div class=\"content-wrap\"><div class=\"info-box-title feature-title\" style=\"\">The Uncut Foundations<\/div><div class=\"info-box-subtitle widget-sub-title subtitle\" style=\"\">Lay the groundwork with nature\u2019s untouched grandeur.<\/div><div class=\"wrap-delimiter\"><div class=\"delimiter\" ><\/div><\/div><div class=\"description\" style=\"\">\u2022 Onyx Legacy: Light plays through dramatic veins.<br \/>\n\u2022 Marble Precision: Noble presence, enduring beauty.<\/div><\/div><\/div>\n\t\t<\/div> \n\t<\/div> <\/div><div class=\"dfd-row-bg-overlay\" style=\"opacity: 0.8;\"><\/div><\/div><div  class=\"vc_row vc-row-wrapper\" data-parallax_sense=\"30\"><div class=\"wpb_row row\" >\n\t<div class=\"twelve columns vc-column-extra-class-69e6149740f49\" data-parallax_sense=\"30\">\n\t\t<div class=\"wpb_wrapper\">\n\t\t\t<div class=\"dfd-info-banner style-05  text-center\" ><div class=\"image-cover dfd-img-lazy-load\"><img loading=\"lazy\" decoding=\"async\" src=\"data:image\/svg+xml;charset=utf-8,%3Csvg xmlns%3D'http%3A%2F%2Fwww.w3.org%2F2000%2Fsvg' viewBox%3D'0 0 250 200'%2F%3E\" data-src=\"https:\/\/minhanstoneworks.com\/wp-content\/uploads\/2025\/08\/Levhalar-rotated-250x200.jpg\" alt=\"Image\"  width=\"250\" height=\"200\" class=\"info-banner-image\" \/><\/div><div class=\"content-wrap\"><div class=\"info-box-title feature-title\" style=\"\">The Slabs<\/div><div class=\"info-box-subtitle widget-sub-title subtitle\" style=\"\">Perfectly cut surfaces, timeless and ready to use.<\/div><div class=\"wrap-delimiter\"><div class=\"delimiter\" ><\/div><\/div><div class=\"description\" style=\"\">\u2022 60&#215;90 cm 60&#215;120 cm<br \/>\n\u2022 60&#215;120 cm<br \/>\n\u2022 90&#215;120 cm<\/div><\/div><\/div>\n\t\t<\/div> \n\t<\/div> <\/div><div class=\"dfd-row-bg-overlay\" style=\"opacity: 0.8;\"><\/div><\/div><div  class=\"vc_row vc-row-wrapper\" data-parallax_sense=\"30\"><div class=\"wpb_row row\" >\n\t<div class=\"twelve columns vc-column-extra-class-69e614974721f\" data-parallax_sense=\"30\">\n\t\t<div class=\"wpb_wrapper\">\n\t\t\t<div class=\"dfd-info-banner style-05  text-center\" ><div class=\"image-cover dfd-img-lazy-load\"><img loading=\"lazy\" decoding=\"async\" src=\"data:image\/svg+xml;charset=utf-8,%3Csvg xmlns%3D'http%3A%2F%2Fwww.w3.org%2F2000%2Fsvg' viewBox%3D'0 0 250 200'%2F%3E\" data-src=\"https:\/\/minhanstoneworks.com\/wp-content\/uploads\/2025\/05\/Akdamar-6_result-250x200.webp\" alt=\"Image\"  width=\"250\" height=\"200\" class=\"info-banner-image\" \/><\/div><div class=\"content-wrap\"><div class=\"info-box-title feature-title\" style=\"\">The Unique Cuts<\/div><div class=\"info-box-subtitle widget-sub-title subtitle\" style=\"\">Tailored by your vision, perfected by craft.<\/div><div class=\"wrap-delimiter\"><div class=\"delimiter\" ><\/div><\/div><div class=\"description\" style=\"\">\u2022 Custom dimensions and forms to fit your unique project.<\/div><\/div><\/div>\n\t\t<\/div> \n\t<\/div> <\/div><div class=\"dfd-row-bg-overlay\" style=\"opacity: 0.8;\"><\/div><\/div><div  class=\"vc_row vc-row-wrapper\" data-parallax_sense=\"30\"><div class=\"wpb_row row\" >\n\t<div class=\"twelve columns vc-column-extra-class-69e61497483a4\" data-parallax_sense=\"30\">\n\t\t<div class=\"wpb_wrapper\">\n\t\t\t\n<div class=\"vc-zigzag-wrapper vc-zigzag-align-center\"><div class=\"vc-zigzag-inner\" style=\"width: 100%;min-height: 14px;background: 0 repeat-x url(&#039;data:image\/svg+xml;utf-8,%3C%3Fxml%20version%3D%221.0%22%20encoding%3D%22utf-8%22%3F%3E%3C%21DOCTYPE%20svg%20PUBLIC%20%22-%2F%2FW3C%2F%2FDTD%20SVG%201.1%2F%2FEN%22%20%22http%3A%2F%2Fwww.w3.org%2FGraphics%2FSVG%2F1.1%2FDTD%2Fsvg11.dtd%22%3E%3Csvg%20width%3D%2214px%22%20height%3D%2212px%22%20viewBox%3D%220%200%2018%2015%22%20version%3D%221.1%22%20xmlns%3D%22http%3A%2F%2Fwww.w3.org%2F2000%2Fsvg%22%20xmlns%3Axlink%3D%22http%3A%2F%2Fwww.w3.org%2F1999%2Fxlink%22%3E%3Cpolygon%20id%3D%22Combined-Shape%22%20fill%3D%22%23ebebeb%22%20points%3D%228.98762301%200%200%209.12771969%200%2014.519983%209%205.40479869%2018%2014.519983%2018%209.12771969%22%3E%3C%2Fpolygon%3E%3C%2Fsvg%3E&#039;);\"><\/div><\/div>\n\t\t<\/div> \n\t<\/div> <\/div><div class=\"dfd-row-bg-overlay\" style=\"opacity: 0.8;\"><\/div><\/div><div  class=\"vc_row vc-row-wrapper\" data-parallax_sense=\"30\"><div class=\"wpb_row row\" >\n\t<div class=\"twelve columns vc-column-extra-class-69e6149748b18\" data-parallax_sense=\"30\">\n\t\t<div class=\"wpb_wrapper\">\n\t\t\t<div id=\"idinfobox69e6149748c68\" class=\"dfd-info-box clearfix style-03 layout-01  idinfobox69e6149748c68 cr-animate-gen text-left\" data-animate-item=\".dfd-animate-container\" data-animate-type = \"transition.bounceLeftIn\" ><div class=\"dfd-animate-container\"><div class=\"info-box-title feature-title\" style=\"\">How to Order?<\/div><div class=\"wrap-delimiter\"><div class=\"delimiter\" ><\/div><\/div><div class=\"description\" style=\"\">\u2022 Browse our portfolio, shape your project.<br \/>\n\u2022 \u0130htiyac\u0131n\u0131z varsa, Genel Bilgi Dok\u00fcman\u0131 (RFI) talep edin.<br \/>\n\u2022 \u0130\u015f birli\u011fi i\u00e7in \u00c7\u00f6z\u00fcm Ortakl\u0131\u011f\u0131 Teklif Formunu (RFP) talep edin.<br \/>\n\u2022 Sipari\u015f \u00f6ncesi Teklif Formunu (RFQ) doldurun, size \u00f6zel fiyat al\u0131n.<br \/>\n\u2022 Let our experts define the best solution with you.<br \/>\n\u2022 Approve, produce, deliver. Your vision, carved in stone.<\/div><\/div><\/div>\n\t\t<\/div> \n\t<\/div> <\/div><div class=\"dfd-row-bg-overlay\" style=\"opacity: 0.8;\"><\/div><\/div><div  class=\"vc_row vc-row-wrapper\" data-parallax_sense=\"30\"><div class=\"wpb_row row\" >\n\t<div class=\"twelve columns vc-column-extra-class-69e614974929f\" data-parallax_sense=\"30\">\n\t\t<div class=\"wpb_wrapper\">\n\t\t\t<div class=\"wpforms-container wpforms-container-full wpforms-render-modern\" id=\"wpforms-777\"><form id=\"wpforms-form-777\" class=\"wpforms-validate wpforms-form wpforms-ajax-form\" data-formid=\"777\" method=\"post\" enctype=\"multipart\/form-data\" action=\"\/en\/wp-json\/wp\/v2\/pages\/766\" data-token=\"346ed31640306ec8346784b4031703d3\" data-token-time=\"1776686231\" data-trp-original-action=\"\/en\/wp-json\/wp\/v2\/pages\/766\"><div class=\"wpforms-head-container\"><div class=\"wpforms-title\">INQUIRY FORM<\/div><div class=\"wpforms-description\">To receive your personalized price offer and start collaborating with Minhan Stoneworks, just complete this form.\nOnce your form reaches us, our dedicated team will be in touch promptly.<\/div><\/div><noscript class=\"wpforms-error-noscript\">Please enable JavaScript in your browser to complete this form.<\/noscript><div id=\"wpforms-error-noscript\" style=\"display: none;\">Please enable JavaScript in your browser to complete this form.<\/div><div class=\"wpforms-field-container\"><div id=\"wpforms-777-field_15-container\" class=\"wpforms-field wpforms-field-text\" data-field-id=\"15\"><label class=\"wpforms-field-label\" for=\"wpforms-777-field_15\">Your Name \/ Company Name: <span class=\"wpforms-required-label\" aria-hidden=\"true\">*<\/span><\/label><input type=\"text\" id=\"wpforms-777-field_15\" class=\"wpforms-field-medium wpforms-field-required\" name=\"wpforms[fields][15]\" aria-errormessage=\"wpforms-777-field_15-error\" required><\/div><div id=\"wpforms-777-field_7-container\" class=\"wpforms-field wpforms-field-email\" data-field-id=\"7\"><label class=\"wpforms-field-label\" for=\"wpforms-777-field_7\">E-mail Address <span class=\"wpforms-required-label\" aria-hidden=\"true\">*<\/span><\/label><input type=\"email\" id=\"wpforms-777-field_7\" class=\"wpforms-field-medium wpforms-field-required\" name=\"wpforms[fields][7]\" spellcheck=\"false\" aria-errormessage=\"wpforms-777-field_7-error\" required><\/div><div id=\"wpforms-777-field_9-container\" class=\"wpforms-field wpforms-field-number\" data-field-id=\"9\"><label class=\"wpforms-field-label\" for=\"wpforms-777-field_9\">Phone Number <span class=\"wpforms-required-label\" aria-hidden=\"true\">*<\/span><\/label><input type=\"number\" id=\"wpforms-777-field_9\" class=\"wpforms-field-medium wpforms-field-required\" name=\"wpforms[fields][9]\" step=\"any\" aria-errormessage=\"wpforms-777-field_9-error\" required><\/div><div id=\"wpforms-777-field_10-container\" class=\"wpforms-field wpforms-field-select wpforms-field-select-style-classic\" data-field-id=\"10\"><label class=\"wpforms-field-label\" for=\"wpforms-777-field_10\">Product Category <span class=\"wpforms-required-label\" aria-hidden=\"true\">*<\/span><\/label><select id=\"wpforms-777-field_10\" class=\"wpforms-field-medium wpforms-field-required\" name=\"wpforms[fields][10]\" required=\"required\"><option value=\"\" class=\"placeholder\" disabled selected='selected'>--- Se\u00e7im Se\u00e7in ---<\/option><option value=\"Layers\" >Layers<\/option><option value=\"Ham Blok\" >Ham Blok<\/option><option value=\"Levha\" >Levha<\/option><option value=\"\u00d6zel Kesim\" >\u00d6zel Kesim<\/option><\/select><\/div><div id=\"wpforms-777-field_11-container\" class=\"wpforms-field wpforms-field-select wpforms-field-select-style-classic\" data-field-id=\"11\"><label class=\"wpforms-field-label\" for=\"wpforms-777-field_11\">Product Type <span class=\"wpforms-required-label\" aria-hidden=\"true\">*<\/span><\/label><select id=\"wpforms-777-field_11\" class=\"wpforms-field-medium wpforms-field-required\" name=\"wpforms[fields][11]\" required=\"required\"><option value=\"\" class=\"placeholder\" disabled selected='selected'>--- Se\u00e7im Se\u00e7in ---<\/option><option value=\"Onyx Legacy\" >Onyx Legacy<\/option><option value=\"Marble Precision\" >Marble Precision<\/option><option value=\"White Whisper\" >White Whisper<\/option><option value=\"Rouge Suede\" >Rouge Suede<\/option><\/select><\/div><div id=\"wpforms-777-field_4-container\" class=\"wpforms-field wpforms-field-text\" data-field-id=\"4\"><label class=\"wpforms-field-label\" for=\"wpforms-777-field_4\">Size\/Dimensions  <span class=\"wpforms-required-label\" aria-hidden=\"true\">*<\/span><\/label><input type=\"text\" id=\"wpforms-777-field_4\" class=\"wpforms-field-medium wpforms-field-required\" name=\"wpforms[fields][4]\" aria-errormessage=\"wpforms-777-field_4-error\" aria-describedby=\"wpforms-777-field_4-description\" required><div id=\"wpforms-777-field_4-description\" class=\"wpforms-field-description\">Standard or Custom<\/div><\/div><div id=\"wpforms-777-field_12-container\" class=\"wpforms-field wpforms-field-text\" data-field-id=\"12\"><label class=\"wpforms-field-label\" for=\"wpforms-777-field_12\">Quantity <span class=\"wpforms-required-label\" aria-hidden=\"true\">*<\/span><\/label><input type=\"text\" id=\"wpforms-777-field_12\" class=\"wpforms-field-medium wpforms-field-required\" name=\"wpforms[fields][12]\" aria-errormessage=\"wpforms-777-field_12-error\" aria-describedby=\"wpforms-777-field_12-description\" required><div id=\"wpforms-777-field_12-description\" class=\"wpforms-field-description\">m\u00b3 or pieces<\/div><\/div>\t\t<div id=\"wpforms-777-field_1-container\"\n\t\t\tclass=\"wpforms-field wpforms-field-text\"\n\t\t\tdata-field-type=\"text\"\n\t\t\tdata-field-id=\"1\"\n\t\t\t>\n\t\t\t<label class=\"wpforms-field-label\" for=\"wpforms-777-field_1\" >Notlar E-Posta \/<\/label>\n\t\t\t<input type=\"text\" id=\"wpforms-777-field_1\" class=\"wpforms-field-medium\" name=\"wpforms[fields][1]\" >\n\t\t<\/div>\n\t\t<div id=\"wpforms-777-field_16-container\" class=\"wpforms-field wpforms-field-text\" data-field-id=\"16\"><label class=\"wpforms-field-label\" for=\"wpforms-777-field_16\">Project Details<\/label><input type=\"text\" id=\"wpforms-777-field_16\" class=\"wpforms-field-medium\" name=\"wpforms[fields][16]\" aria-errormessage=\"wpforms-777-field_16-error\" ><\/div><div id=\"wpforms-777-field_17-container\" class=\"wpforms-field wpforms-field-text\" data-field-id=\"17\"><label class=\"wpforms-field-label\" for=\"wpforms-777-field_17\">Desired Delivery Date<\/label><input type=\"text\" id=\"wpforms-777-field_17\" class=\"wpforms-field-medium\" name=\"wpforms[fields][17]\" aria-errormessage=\"wpforms-777-field_17-error\" ><\/div><div id=\"wpforms-777-field_14-container\" class=\"wpforms-field wpforms-field-textarea\" data-field-id=\"14\"><label class=\"wpforms-field-label\" for=\"wpforms-777-field_14\">Additional Notes \/ Questions<\/label><textarea id=\"wpforms-777-field_14\" class=\"wpforms-field-medium\" name=\"wpforms[fields][14]\" aria-errormessage=\"wpforms-777-field_14-error\" ><\/textarea><\/div><script>\n\t\t\t\t( function() {\n\t\t\t\t\tconst style = document.createElement( 'style' );\n\t\t\t\t\tstyle.appendChild( document.createTextNode( '#wpforms-777-field_1-container { position: absolute !important; overflow: hidden !important; display: inline !important; height: 1px !important; width: 1px !important; z-index: -1000 !important; padding: 0 !important; } #wpforms-777-field_1-container input { visibility: hidden; } #wpforms-conversational-form-page #wpforms-777-field_1-container label { counter-increment: none; }' ) );\n\t\t\t\t\tdocument.head.appendChild( style );\n\t\t\t\t\tdocument.currentScript?.remove();\n\t\t\t\t} )();\n\t\t\t<\/script><\/div><!-- .wpforms-field-container --><div class=\"wpforms-submit-container\" ><input type=\"hidden\" name=\"wpforms[id]\" value=\"777\"><input type=\"hidden\" name=\"page_title\" value=\"\"><input type=\"hidden\" name=\"page_url\" value=\"https:\/\/minhanstoneworks.com\/en\/wp-json\/wp\/v2\/pages\/766\"><input type=\"hidden\" name=\"url_referer\" value=\"\"><button type=\"submit\" name=\"wpforms[submit]\" id=\"wpforms-submit-777\" class=\"wpforms-submit\" data-alt-text=\"G\u00f6nderiliyor...\" data-submit-text=\"G\u00f6nder\" aria-live=\"assertive\" value=\"wpforms-submit\">Send<\/button><img loading=\"lazy\" decoding=\"async\" src=\"https:\/\/minhanstoneworks.com\/wp-content\/plugins\/wpforms-lite\/assets\/images\/submit-spin.svg\" class=\"wpforms-submit-spinner\" style=\"display: none;\" width=\"26\" height=\"26\" alt=\"Loading\"><\/div><input type=\"hidden\" name=\"trp-form-language\" value=\"en\"\/><\/form><\/div>  <!-- .wpforms-container -->\n\t\t<\/div> \n\t<\/div> <\/div><div class=\"dfd-row-bg-overlay\" style=\"opacity: 0.8;\"><\/div><\/div><div  class=\"vc_row vc-row-wrapper\" data-parallax_sense=\"30\"><div class=\"wpb_row row\" >\n\t<div class=\"twelve columns vc-column-extra-class-69e614974c170\" data-parallax_sense=\"30\">\n\t\t<div class=\"wpb_wrapper\">\n\t\t\t<div class=\"vc-hoverbox-wrapper  wpb_animate_when_almost_visible wpb_zoomInDown zoomInDown vc-hoverbox-shape--rounded vc-hoverbox-align--center vc-hoverbox-direction--default vc-hoverbox-width--100\"  ontouchstart=\"\">\n  <div class=\"vc-hoverbox\">\n    <div class=\"vc-hoverbox-inner\">\n      <div class=\"vc-hoverbox-block vc-hoverbox-front\" style=\"background-image: url(https:\/\/minhanstoneworks.com\/wp-content\/uploads\/2025\/08\/Mermer2-1024x410.jpg);\">\n        <div class=\"vc-hoverbox-block-inner vc-hoverbox-front-inner\">\n            <h2 style=\"text-align:center\">Proof Of Quality<\/h2>\n        <\/div>\n      <\/div>\n      <div class=\"vc-hoverbox-block vc-hoverbox-back\" style=\"background-color: #ffffff;\">\n        <div class=\"vc-hoverbox-block-inner vc-hoverbox-back-inner\">\n            <h2 style=\"text-align:center\">Quality You Can Trust<\/h2>\n            <p><strong>At Minhan Stoneworks, every piece of stone is more than just material; it\u2019s a promise of performance, safety, and longevity.<\/strong><br \/>\n<strong>Our stones are tested to meet global standards for:<\/strong><\/p>\n<ul>\n<li><strong>Abrasion Resistance<\/strong>: Ensures durability for high-traffic areas like flooring and countertops.<\/li>\n<li><strong>Slip Resistance<\/strong>: Critical for safety, especially in wet environments.<\/li>\n<li><strong>Chemical Resistance<\/strong>: Suitable for specialized spaces like laboratories and kitchens.<\/li>\n<li><strong>Stain Resistance<\/strong>: Designed to withstand spills and everyday use.<\/li>\n<li><strong>Impact Resistance \/ Hardness<\/strong>: Guarantees resilience under stress.<\/li>\n<li><strong>Color Stability<\/strong>: Maintains its beauty and hue even under harsh sunlight.<\/li>\n<li><strong>Thermal Expansion<\/strong>: Withstands temperature changes without compromise.<\/li>\n<\/ul>\n\n            \n        <\/div>\n      <\/div>\n    <\/div>\n  <\/div>\n<\/div>\n\t\t<\/div> \n\t<\/div> <\/div><div class=\"dfd-row-bg-overlay\" style=\"opacity: 0.8;\"><\/div><\/div>\n<\/div>","protected":false},"excerpt":{"rendered":"S\u0130PAR\u0130\u015e VE F\u0130YATLANDIRMAHam \u0130hti\u015fam, Sonsuz Olas\u0131l\u0131k\u0130ster ham bloklar\u0131n ham g\u00fcc\u00fcn\u00fc, ister titizlikle kesilmi\u015f bir levhan\u0131n zarafetini, ister sadece size \u00f6zel haz\u0131rlanm\u0131\u015f bir formu tercih edin; sipari\u015f s\u00fcrecimiz \u015feffaf, esnek ve","protected":false},"author":1,"featured_media":0,"parent":0,"menu_order":0,"comment_status":"closed","ping_status":"closed","template":"","meta":{"footnotes":""},"class_list":["post-766","page","type-page","status-publish","hentry"],"_links":{"self":[{"href":"https:\/\/minhanstoneworks.com\/en\/wp-json\/wp\/v2\/pages\/766","targetHints":{"allow":["GET"]}}],"collection":[{"href":"https:\/\/minhanstoneworks.com\/en\/wp-json\/wp\/v2\/pages"}],"about":[{"href":"https:\/\/minhanstoneworks.com\/en\/wp-json\/wp\/v2\/types\/page"}],"author":[{"embeddable":true,"href":"https:\/\/minhanstoneworks.com\/en\/wp-json\/wp\/v2\/users\/1"}],"replies":[{"embeddable":true,"href":"https:\/\/minhanstoneworks.com\/en\/wp-json\/wp\/v2\/comments?post=766"}],"version-history":[{"count":0,"href":"https:\/\/minhanstoneworks.com\/en\/wp-json\/wp\/v2\/pages\/766\/revisions"}],"wp:attachment":[{"href":"https:\/\/minhanstoneworks.com\/en\/wp-json\/wp\/v2\/media?parent=766"}],"curies":[{"name":"wp","href":"https:\/\/api.w.org\/{rel}","templated":true}]}}