{"id":824,"date":"2025-08-05T11:07:28","date_gmt":"2025-08-05T08:07:28","guid":{"rendered":"https:\/\/tknsoft.online\/?page_id=824"},"modified":"2025-08-06T19:43:47","modified_gmt":"2025-08-06T16:43:47","slug":"s","status":"publish","type":"page","link":"https:\/\/minhanstoneworks.com\/en\/s\/","title":{"rendered":"PRODUCT INDICATORS"},"content":{"rendered":"<div class=\"wpb-content-wrapper\"><div  class=\"vc_row vc-row-wrapper\" data-parallax_sense=\"30\"><div class=\"wpb_row row\" >\n\t<div class=\"twelve columns vc-column-extra-class-69e614a748f70\" data-parallax_sense=\"30\">\n\t\t<div class=\"wpb_wrapper\">\n\t\t\t<div id=\"idinfobox69e614a74905c\" class=\"dfd-info-box clearfix style-01 layout-01  idinfobox69e614a74905c text-center\" ><div class=\"dfd-animate-container\"><div class=\"wrap-delimiter\"><div class=\"delimiter\" ><\/div><\/div><div class=\"description\" style=\"\">Define your spaces with unique physical attributes and functional advantages offered by each Minhan Stoneworks product.<\/div><\/div><\/div>\n\t\t<\/div> \n\t<\/div> <\/div><div class=\"dfd-row-bg-overlay\" style=\"opacity: 0.8;\"><\/div><\/div><div  class=\"vc_row vc-row-wrapper\" data-parallax_sense=\"30\"><div class=\"wpb_row row\" >\n\t<div class=\"twelve columns vc-column-extra-class-69e614a749511\" data-parallax_sense=\"30\">\n\t\t<div class=\"wpb_wrapper\">\n\t\t\t<div class=\"dfd-spacer-module\"  data-units=\"px\" data-wide_resolution=\"1280\" data-wide_size=\"10\" data-normal_resolution=\"1024\" data-normal_size=\"\" data-tablet_resolution=\"800\" data-tablet_size=\"\" data-mobile_resolution=\"480\" data-mobile_size=\"\" style=\"height: 10px;\"><\/div>\n\t\t<\/div> \n\t<\/div> <\/div><div class=\"dfd-row-bg-overlay\" style=\"opacity: 0.8;\"><\/div><\/div><div  class=\"vc_row vc-row-wrapper\" data-parallax_sense=\"30\"><div class=\"wpb_row row\" >\n\t<div class=\"twelve columns vc-column-extra-class-69e614a749969\" data-parallax_sense=\"30\">\n\t\t<div class=\"wpb_wrapper\">\n\t\t\t<div class=\"dfd-spacer-module\"  data-units=\"px\" data-wide_resolution=\"1280\" data-wide_size=\"10\" data-normal_resolution=\"1024\" data-normal_size=\"\" data-tablet_resolution=\"800\" data-tablet_size=\"\" data-mobile_resolution=\"480\" data-mobile_size=\"\" style=\"height: 10px;\"><\/div>\n\t\t<\/div> \n\t<\/div> <\/div><div class=\"dfd-row-bg-overlay\" style=\"opacity: 0.8;\"><\/div><\/div><div  class=\"vc_row vc-row-wrapper\" data-parallax_sense=\"30\"><div class=\"wpb_row row\" >\n\t<div class=\"six columns vc-column-extra-class-69e614a749dba\" data-parallax_sense=\"30\">\n\t\t<div class=\"wpb_wrapper\">\n\t\t\t<div class=\"dfd-info-banner style-01  cr-animate-gen  text-center\" data-animate-type = \"transition.whirlIn\" ><div class=\"image-cover dfd-img-lazy-load\"><img loading=\"lazy\" decoding=\"async\" src=\"data:image\/svg+xml;charset=utf-8,%3Csvg xmlns%3D'http%3A%2F%2Fwww.w3.org%2F2000%2Fsvg' viewBox%3D'0 0 255 383'%2F%3E\" data-src=\"https:\/\/minhanstoneworks.com\/wp-content\/uploads\/2025\/08\/White-Whisper_result-255x383.jpg\" alt=\"Image\"  width=\"255\" height=\"383\" class=\"info-banner-image\" \/><\/div><div class=\"info-box-title feature-title\" style=\"\">White Whisper: Where Light Becomes a Secret<\/div><div class=\"info-box-subtitle widget-sub-title subtitle\" style=\"\">``Minhan\u2019\u0131n kendi ocaklar\u0131ndan \u00e7\u0131kan en saf \u0131\u015f\u0131k``<\/div><div class=\"wrap-delimiter\"><div class=\"delimiter\" ><\/div><\/div><\/div>\n\t\t<\/div> \n\t<\/div> \n\t<div class=\"six columns vc-column-extra-class-69e614a74a36c\" data-parallax_sense=\"30\">\n\t\t<div class=\"wpb_wrapper\">\n\t\t\t<div class=\"dfd-info-banner style-01  cr-animate-gen  text-center\" data-animate-type = \"transition.whirlIn\" ><div class=\"image-cover dfd-img-lazy-load\"><img loading=\"lazy\" decoding=\"async\" src=\"data:image\/svg+xml;charset=utf-8,%3Csvg xmlns%3D'http%3A%2F%2Fwww.w3.org%2F2000%2Fsvg' viewBox%3D'0 0 255 383'%2F%3E\" data-src=\"https:\/\/minhanstoneworks.com\/wp-content\/uploads\/2025\/08\/Rouge-Suede-2-255x383.jpg\" alt=\"Image\"  width=\"255\" height=\"383\" class=\"info-banner-image\" \/><\/div><div class=\"info-box-title feature-title\" style=\"\">Rouge Suede<\/div><div class=\"info-box-subtitle widget-sub-title subtitle\" style=\"\">``K\u0131z\u0131l\u0131n s\u0131cakl\u0131\u011f\u0131 ve duyusall\u0131\u011f\u0131, Minhan ocaklar\u0131n\u0131n izinden gelir``<\/div><div class=\"wrap-delimiter\"><div class=\"delimiter\" ><\/div><\/div><\/div>\n\t\t<\/div> \n\t<\/div> <\/div><div class=\"dfd-row-bg-overlay\" style=\"opacity: 0.8;\"><\/div><\/div>\n<\/div>","protected":false},"excerpt":{"rendered":"Minhan Stoneworks \u00fcr\u00fcnlerini, her birinin kendine has fiziksel \u00f6zellikleriyle ve sa\u011flad\u0131\u011f\u0131 avantajlarla yak\u0131ndan inceleyin. White Whisper: I\u015f\u0131\u011f\u0131n Sessiz \u0130mzas\u0131``Minhan\u2019\u0131n kendi ocaklar\u0131ndan \u00e7\u0131kan en saf \u0131\u015f\u0131k`` Rouge Suede``K\u0131z\u0131l\u0131n s\u0131cakl\u0131\u011f\u0131 ve duyusall\u0131\u011f\u0131,","protected":false},"author":1,"featured_media":0,"parent":0,"menu_order":0,"comment_status":"closed","ping_status":"closed","template":"","meta":{"footnotes":""},"class_list":["post-824","page","type-page","status-publish","hentry"],"_links":{"self":[{"href":"https:\/\/minhanstoneworks.com\/en\/wp-json\/wp\/v2\/pages\/824","targetHints":{"allow":["GET"]}}],"collection":[{"href":"https:\/\/minhanstoneworks.com\/en\/wp-json\/wp\/v2\/pages"}],"about":[{"href":"https:\/\/minhanstoneworks.com\/en\/wp-json\/wp\/v2\/types\/page"}],"author":[{"embeddable":true,"href":"https:\/\/minhanstoneworks.com\/en\/wp-json\/wp\/v2\/users\/1"}],"replies":[{"embeddable":true,"href":"https:\/\/minhanstoneworks.com\/en\/wp-json\/wp\/v2\/comments?post=824"}],"version-history":[{"count":0,"href":"https:\/\/minhanstoneworks.com\/en\/wp-json\/wp\/v2\/pages\/824\/revisions"}],"wp:attachment":[{"href":"https:\/\/minhanstoneworks.com\/en\/wp-json\/wp\/v2\/media?parent=824"}],"curies":[{"name":"wp","href":"https:\/\/api.w.org\/{rel}","templated":true}]}}